{"id":1546,"date":"2026-03-05T21:29:32","date_gmt":"2026-03-05T20:29:32","guid":{"rendered":"https:\/\/hrafninn.se\/product\/a360-black\/"},"modified":"2026-04-06T10:50:11","modified_gmt":"2026-04-06T08:50:11","slug":"a360-black","status":"publish","type":"product","link":"https:\/\/hrafninn.se\/sv\/produkt\/a360-black\/","title":{"rendered":"VALKYRIE A360 AIO CPU V\u00c4TSKEKYLARE, Svart"},"content":{"rendered":"<p data-start=\"299\" data-end=\"346\"><strong data-start=\"299\" data-end=\"344\">Bred CPU-kompatibilitet och h\u00f6g prestanda<\/strong><\/p>\n<ul data-start=\"347\" data-end=\"693\">\n<li data-section-id=\"1f5xlyj\" data-start=\"347\" data-end=\"404\">\n<p data-start=\"349\" data-end=\"404\"><strong data-start=\"349\" data-end=\"357\">AMD:<\/strong> AM5, AM4 <strong data-start=\"369\" data-end=\"379\">Intel:<\/strong> 1851, 1700, 1200, 1151<\/p>\n<\/li>\n<li data-section-id=\"12047tq\" data-start=\"405\" data-end=\"693\">\n<p data-start=\"407\" data-end=\"693\"><strong data-start=\"407\" data-end=\"419\">CPU TDP:<\/strong> 250W<br data-start=\"424\" data-end=\"427\" \/>St\u00f6der ett brett utbud av <strong data-start=\"453\" data-end=\"488\">moderna AMD- och Intel-processorer<\/strong>, vilket g\u00f6r den idealisk f\u00f6r spelare, inneh\u00e5llsskapare eller proffs. Kapabel att hantera processorer upp till <strong data-start=\"585\" data-end=\"597\">250W TDP<\/strong>, det h\u00e5ller ditt system svalt \u00e4ven under intensiva arbetsbelastningar som spel, streaming eller rendering.<\/p>\n<\/li>\n<\/ul>\n<p data-start=\"695\" data-end=\"732\"><strong data-start=\"695\" data-end=\"730\">H\u00e5llbar och p\u00e5litlig konstruktion<\/strong><\/p>\n<ul data-start=\"733\" data-end=\"982\">\n<li data-section-id=\"hd78wc\" data-start=\"733\" data-end=\"982\">\n<p data-start=\"735\" data-end=\"982\"><strong data-start=\"735\" data-end=\"748\">Garanti:<\/strong> 3 \u00e5r <strong data-start=\"759\" data-end=\"770\">Vikt:<\/strong> 1960g<br data-start=\"776\" data-end=\"779\" \/>Tillverkad av f\u00f6rstklassiga material, denna AIO-kylare ger <strong data-start=\"836\" data-end=\"862\">l\u00e5ngvarig stabilitet<\/strong> och sinnesro, underst\u00f6dd av en <strong data-start=\"897\" data-end=\"916\">3 \u00e5rs garanti<\/strong>, vilket s\u00e4kerst\u00e4ller p\u00e5litlig prestanda under hela systemets livsl\u00e4ngd.<\/p>\n<\/li>\n<\/ul>\n<p data-start=\"984\" data-end=\"1011\"><strong data-start=\"984\" data-end=\"1009\">H\u00f6gpresterandePump<\/strong><\/p>\n<ul data-start=\"1012\" data-end=\"1567\">\n<li data-section-id=\"16wlvpf\" data-start=\"1012\" data-end=\"1061\">\n<p data-start=\"1014\" data-end=\"1061\"><strong data-start=\"1014\" data-end=\"1024\">Fart:<\/strong> 800\u20132400 varv\/min \u00b110% (PWM-styrd)<\/p>\n<\/li>\n<li data-section-id=\"1dpd9wl\" data-start=\"1062\" data-end=\"1082\">\n<p data-start=\"1064\" data-end=\"1082\"><strong data-start=\"1064\" data-end=\"1076\">Sp\u00e4nning:<\/strong> 12V<\/p>\n<\/li>\n<li data-section-id=\"8x8263\" data-start=\"1083\" data-end=\"1133\">\n<p data-start=\"1085\" data-end=\"1133\"><strong data-start=\"1085\" data-end=\"1110\">Pumpenhetens m\u00e5tt:<\/strong> 84,14 \u00d7 78,4 \u00d7 53 mm<\/p>\n<\/li>\n<li data-section-id=\"ok1xsj\" data-start=\"1134\" data-end=\"1567\">\n<p data-start=\"1136\" data-end=\"1567\"><strong data-start=\"1136\" data-end=\"1152\">R\u00f6rl\u00e4ngd:<\/strong> 395 mm | <strong data-start=\"1162\" data-end=\"1180\">R\u00f6rmaterial:<\/strong> CIRR + EPDM <strong data-start=\"1195\" data-end=\"1208\">H<\/strong> Korrugerat material fl\u00e4tad hylsa<br data-start=\"1243\" data-end=\"1246\" \/>Den <strong data-start=\"1250\" data-end=\"1273\">PWM-styrd pump<\/strong> dynamiskt justerar sin hastighet efter CPU-belastningen, vilket ger <strong data-start=\"1337\" data-end=\"1366\">effektiv, tyst kylning<\/strong> n\u00e4r du beh\u00f6ver det som mest. Slitstarkt CIRR + EPDM-r\u00f6r med fl\u00e4tad hylsa s\u00e4kerst\u00e4ller <strong data-start=\"1447\" data-end=\"1514\">L\u00e5ngsiktig tillf\u00f6rlitlighet, l\u00e4ckagef\u00f6rhindrande och minimalt underh\u00e5ll<\/strong>, vilket ger dig f\u00f6rtroende f\u00f6r ditt systems stabilitet.<\/p>\n<\/li>\n<\/ul>\n<p data-start=\"1569\" data-end=\"1594\"><strong data-start=\"1569\" data-end=\"1592\">Radiatoreffektivitet<\/strong><\/p>\n<ul data-start=\"1595\" data-end=\"1853\">\n<li data-section-id=\"ahouy\" data-start=\"1595\" data-end=\"1853\">\n<p data-start=\"1597\" data-end=\"1853\"><strong data-start=\"1597\" data-end=\"1610\">Material:<\/strong> Aluminium <strong data-start=\"1623\" data-end=\"1638\">M\u00e5tt:<\/strong> 276 \u00d7 120 \u00d7 27 mm<br data-start=\"1656\" data-end=\"1659\" \/>Den <strong data-start=\"1663\" data-end=\"1685\">aluminiumelement<\/strong> levererar <strong data-start=\"1695\" data-end=\"1721\">snabb v\u00e4rmeavledning<\/strong> utan att ta upp f\u00f6r mycket plats, vilket g\u00f6r att den passar i de flesta mid-tower-chassin samtidigt som den ger j\u00e4mn kylning f\u00f6r kr\u00e4vande processorer.<\/p>\n<\/li>\n<\/ul>\n<p data-start=\"1855\" data-end=\"1884\"><strong data-start=\"1855\" data-end=\"1882\">Dubbla ARGB radiatorfl\u00e4ktar<\/strong><\/p>\n<ul data-start=\"1885\" data-end=\"2447\">\n<li data-section-id=\"1fx6ftv\" data-start=\"1885\" data-end=\"1921\">\n<p data-start=\"1887\" data-end=\"1921\"><strong data-start=\"1887\" data-end=\"1896\">Fans:<\/strong> 2 \u00d7 Valkyrie A12 A-RGB<\/p>\n<\/li>\n<li data-section-id=\"1jkf5m\" data-start=\"1922\" data-end=\"2024\">\n<p data-start=\"1924\" data-end=\"2024\"><strong data-start=\"1924\" data-end=\"1934\">Fart:<\/strong> 800\u20131800 varv\/min \u00b110% | <strong data-start=\"1955\" data-end=\"1968\">Luftfl\u00f6de:<\/strong> 69 CFM \/ 117,23 m\u00b3\/h | <strong data-start=\"1992\" data-end=\"2012\">Statiskt tryck<\/strong> 2,2 mmH\u2082O<\/p>\n<\/li>\n<li data-section-id=\"18kthfg\" data-start=\"2025\" data-end=\"2447\">\n<p data-start=\"2027\" data-end=\"2447\"><strong data-start=\"2027\" data-end=\"2051\">Maximal bullerniv\u00e5:<\/strong> 32,8 dBA <strong data-start=\"2063\" data-end=\"2075\">Lager:<\/strong> Gev\u00e4rslager <strong data-start=\"2092\" data-end=\"2114\">Sp\u00e4nning \/ Str\u00f6m:<\/strong> 12V \/ 0.2A<br data-start=\"2125\" data-end=\"2128\" \/>Det dubbla <strong data-start=\"2137\" data-end=\"2150\">ARGB-fl\u00e4ktar<\/strong> leverera <strong data-start=\"2159\" data-end=\"2207\">starkt luftfl\u00f6de och optimerat statiskt tryck<\/strong>, vilket h\u00e5ller din CPU vid ideala temperaturer samtidigt som den f\u00f6rblir <strong data-start=\"2264\" data-end=\"2284\">tyst under belastning<\/strong>. <strong data-start=\"2286\" data-end=\"2304\">Gev\u00e4rslager<\/strong> ge <strong data-start=\"2313\" data-end=\"2356\">l\u00e5ngvarig, underh\u00e5llsfri drift<\/strong>, och den integrerade ARGB-belysningen bidrar <strong data-start=\"2396\" data-end=\"2418\">anpassningsbar stil<\/strong> f\u00f6r utst\u00e4llningsklara byggen.<\/p>\n<\/li>\n<\/ul>\n<p data-start=\"2449\" data-end=\"2486\"><strong data-start=\"2449\" data-end=\"2484\">Anslutningsdon f\u00f6r enkel integration<\/strong><\/p>\n<ul data-start=\"2487\" data-end=\"2769\">\n<li data-section-id=\"ws3vro\" data-start=\"2487\" data-end=\"2521\">\n<p data-start=\"2489\" data-end=\"2521\"><strong data-start=\"2489\" data-end=\"2507\">RGB-kontakt<\/strong> 3-pins A-RGB<\/p>\n<\/li>\n<li data-section-id=\"7fr65j\" data-start=\"2522\" data-end=\"2769\">\n<p data-start=\"2524\" data-end=\"2769\"><strong data-start=\"2524\" data-end=\"2555\">Str\u00f6mkontakt f\u00f6r pump och fl\u00e4kt:<\/strong> 4-polig PWM<br data-start=\"2565\" data-end=\"2568\" \/>Dessa kontakter m\u00f6jligg\u00f6r <strong data-start=\"2591\" data-end=\"2648\">s\u00f6ml\u00f6s integration med ditt moderkort eller RGB-nav<\/strong>, vilket f\u00f6renklar installationen och l\u00e5ter dig <strong data-start=\"2691\" data-end=\"2723\">synkronisera ljuseffekter<\/strong> f\u00f6r en enhetlig, visuellt sl\u00e5ende PC-setup.<\/p>\n<\/li>\n<\/ul>","protected":false},"excerpt":{"rendered":"<p>H\u00e5ll din CPU sval under de tyngsta arbetsbelastningarna med den <strong data-start=\"57\" data-end=\"96\">Valkyrie A-serie 360 AIO v\u00e4tskekylare<\/strong>. Med en <strong data-start=\"110\" data-end=\"144\">h\u00f6gpresterande pump p\u00e5 2400 varv\/min<\/strong>, tystg\u00e5ende fl\u00e4ktar och en <strong data-start=\"172\" data-end=\"204\">360\u00b0 roterbart ARGB-pumptopp<\/strong>, Den ger effektiv kylning, l\u00e5g ljudniv\u00e5 och anpassningsbar RGB-belysning - perfekt f\u00f6r spelare, kreat\u00f6rer och byggprojekt som ska visas upp.<\/p>","protected":false},"featured_media":1829,"comment_status":"closed","ping_status":"closed","template":"","meta":{"_acf_changed":false},"product_brand":[],"product_cat":[188,21],"product_tag":[],"class_list":{"0":"post-1546","1":"product","2":"type-product","3":"status-publish","4":"has-post-thumbnail","6":"product_cat-all-in-one-cpu-cooler","7":"product_cat-components","8":"pa_application-for-1851-1700-1200-115x-2011-201","9":"pa_color-black","10":"pa_fan-dimensions-120x120x25mm","11":"pa_led-type-addressable-rgb-led","12":"pa_pump-connector-4pin-pwm","13":"pa_radiator-dimensions-397x120x27mm","15":"first","16":"instock","17":"purchasable","18":"product-type-simple"},"acf":[],"_links":{"self":[{"href":"https:\/\/hrafninn.se\/sv\/wp-json\/wp\/v2\/product\/1546","targetHints":{"allow":["GET"]}}],"collection":[{"href":"https:\/\/hrafninn.se\/sv\/wp-json\/wp\/v2\/product"}],"about":[{"href":"https:\/\/hrafninn.se\/sv\/wp-json\/wp\/v2\/types\/product"}],"replies":[{"embeddable":true,"href":"https:\/\/hrafninn.se\/sv\/wp-json\/wp\/v2\/comments?post=1546"}],"wp:featuredmedia":[{"embeddable":true,"href":"https:\/\/hrafninn.se\/sv\/wp-json\/wp\/v2\/media\/1829"}],"wp:attachment":[{"href":"https:\/\/hrafninn.se\/sv\/wp-json\/wp\/v2\/media?parent=1546"}],"wp:term":[{"taxonomy":"product_brand","embeddable":true,"href":"https:\/\/hrafninn.se\/sv\/wp-json\/wp\/v2\/product_brand?post=1546"},{"taxonomy":"product_cat","embeddable":true,"href":"https:\/\/hrafninn.se\/sv\/wp-json\/wp\/v2\/product_cat?post=1546"},{"taxonomy":"product_tag","embeddable":true,"href":"https:\/\/hrafninn.se\/sv\/wp-json\/wp\/v2\/product_tag?post=1546"}],"curies":[{"name":"wp","href":"https:\/\/api.w.org\/{rel}","templated":true}]}}