{"id":1544,"date":"2026-03-05T21:29:32","date_gmt":"2026-03-05T20:29:32","guid":{"rendered":"https:\/\/hrafninn.se\/product\/a240-black\/"},"modified":"2026-04-06T10:49:20","modified_gmt":"2026-04-06T08:49:20","slug":"a240-black","status":"publish","type":"product","link":"https:\/\/hrafninn.se\/sv\/produkt\/a240-black\/","title":{"rendered":"VALKYRIE A240 AIO CPU-v\u00e4tskekylare, svart"},"content":{"rendered":"<p data-start=\"292\" data-end=\"329\"><strong data-start=\"292\" data-end=\"327\">CPU-kompatibilitet och prestanda<\/strong><\/p>\n<ul data-start=\"330\" data-end=\"673\">\n<li data-section-id=\"1qr7r5j\" data-start=\"330\" data-end=\"351\">\n<p data-start=\"332\" data-end=\"351\"><strong data-start=\"332\" data-end=\"340\">AMD:<\/strong> AM5, AM4<\/p>\n<\/li>\n<li data-section-id=\"msydjc\" data-start=\"352\" data-end=\"389\">\n<p data-start=\"354\" data-end=\"389\"><strong data-start=\"354\" data-end=\"364\">Intel:<\/strong> 1851, 1700, 1200, 1151<\/p>\n<\/li>\n<li data-section-id=\"1kpz2op\" data-start=\"390\" data-end=\"673\">\n<p data-start=\"392\" data-end=\"673\"><strong data-start=\"392\" data-end=\"404\">CPU TDP:<\/strong> 250W<br data-start=\"409\" data-end=\"412\" \/>St\u00f6der ett brett utbud av <strong data-start=\"437\" data-end=\"466\">moderna AMD- och Intel-processorer<\/strong>, vilket s\u00e4kerst\u00e4ller kompatibilitet f\u00f6r nuvarande versioner och framtida uppgraderingar. Kan hantera processorer upp till <strong data-start=\"562\" data-end=\"574\">250W TDP<\/strong>, som h\u00e5ller din processor sval under intensiva uppgifter som spel, inneh\u00e5llsskapande eller streaming.<\/p>\n<\/li>\n<\/ul>\n<p data-start=\"675\" data-end=\"703\"><strong data-start=\"675\" data-end=\"701\">Tillf\u00f6rlitlighet och garanti<\/strong><\/p>\n<ul data-start=\"704\" data-end=\"957\">\n<li data-section-id=\"1yvv2jt\" data-start=\"704\" data-end=\"729\">\n<p data-start=\"706\" data-end=\"729\"><strong data-start=\"706\" data-end=\"719\">Garanti:<\/strong> 3 \u00e5r<\/p>\n<\/li>\n<li data-section-id=\"1hyr8jz\" data-start=\"730\" data-end=\"957\">\n<p data-start=\"732\" data-end=\"957\"><strong data-start=\"732\" data-end=\"743\">Vikt:<\/strong> 1960g<br data-start=\"749\" data-end=\"752\" \/>Konstruerad med premiummaterial och st\u00f6dd av ett <strong data-start=\"803\" data-end=\"822\">3 \u00e5rs garanti<\/strong>, den h\u00e4r kylaren erbjuder <strong data-start=\"843\" data-end=\"880\">h\u00e5llbar, l\u00e5ngvarig prestanda<\/strong> samtidigt som anv\u00e4ndare som investerar i h\u00f6gpresterande system kan k\u00e4nna sig trygga.<\/p>\n<\/li>\n<\/ul>\n<p data-start=\"959\" data-end=\"978\"><strong data-start=\"959\" data-end=\"976\">Pumpfunktioner<\/strong><\/p>\n<ul data-start=\"979\" data-end=\"1436\">\n<li data-section-id=\"jxxvcr\" data-start=\"979\" data-end=\"1033\">\n<p data-start=\"981\" data-end=\"1033\"><strong data-start=\"981\" data-end=\"996\">Pumphastighet:<\/strong> 800\u20132400 varv\/min \u00b110% (PWM-styrd)<\/p>\n<\/li>\n<li data-section-id=\"1dpd9wl\" data-start=\"1034\" data-end=\"1054\">\n<p data-start=\"1036\" data-end=\"1054\"><strong data-start=\"1036\" data-end=\"1048\">Sp\u00e4nning:<\/strong> 12V<\/p>\n<\/li>\n<li data-section-id=\"q3l6f1\" data-start=\"1055\" data-end=\"1100\">\n<p data-start=\"1057\" data-end=\"1100\"><strong data-start=\"1057\" data-end=\"1077\">Pumpdimensioner:<\/strong> 84,14 \u00d7 78,4 \u00d7 53 mm<\/p>\n<\/li>\n<li data-section-id=\"16li247\" data-start=\"1101\" data-end=\"1128\">\n<p data-start=\"1103\" data-end=\"1128\"><strong data-start=\"1103\" data-end=\"1119\">R\u00f6rl\u00e4ngd:<\/strong> 395 mm<\/p>\n<\/li>\n<li data-section-id=\"1jqqxxc\" data-start=\"1129\" data-end=\"1436\">\n<p data-start=\"1131\" data-end=\"1436\"><strong data-start=\"1131\" data-end=\"1149\">R\u00f6rmaterial:<\/strong> CIRR + EPDM med fl\u00e4tad korrugerad hylsa<br data-start=\"1192\" data-end=\"1195\" \/>Den <strong data-start=\"1199\" data-end=\"1222\">PWM-styrd pump<\/strong> justerar automatiskt hastigheten baserat p\u00e5 CPU-belastning, vilket ger <strong data-start=\"1280\" data-end=\"1308\">effektiv, tyst kylning<\/strong>. Slitstarka r\u00f6r med f\u00f6rst\u00e4rkt h\u00f6lje s\u00e4kerst\u00e4ller <strong data-start=\"1356\" data-end=\"1401\">l\u00e5ngsiktig tillf\u00f6rlitlighet och l\u00e4ckagemotst\u00e5nd<\/strong>, vilket minimerar underh\u00e5llsbehovet.<\/p>\n<\/li>\n<\/ul>\n<p data-start=\"1438\" data-end=\"1467\"><strong data-start=\"1438\" data-end=\"1465\">Radiator Specifikationer<\/strong><\/p>\n<ul data-start=\"1468\" data-end=\"1723\">\n<li data-section-id=\"18j8bui\" data-start=\"1468\" data-end=\"1495\">\n<p data-start=\"1470\" data-end=\"1495\"><strong data-start=\"1470\" data-end=\"1483\">Material:<\/strong> Aluminium<\/p>\n<\/li>\n<li data-section-id=\"1mwqqed\" data-start=\"1496\" data-end=\"1723\">\n<p data-start=\"1498\" data-end=\"1723\"><strong data-start=\"1498\" data-end=\"1513\">M\u00e5tt:<\/strong> 276 \u00d7 120 \u00d7 27 mm<br data-start=\"1531\" data-end=\"1534\" \/>Den <strong data-start=\"1538\" data-end=\"1575\">kompakt 276 mm aluminiumradiator<\/strong> erbjuder utm\u00e4rkt v\u00e4rmeavledning samtidigt som den enkelt f\u00e5r plats i chassin av mellanstorlek, vilket ger <strong data-start=\"1664\" data-end=\"1720\">kraftfull kylning utan att kr\u00e4va ett massivt chassi<\/strong>.<\/p>\n<\/li>\n<\/ul>\n<p data-start=\"1725\" data-end=\"1744\"><strong data-start=\"1725\" data-end=\"1742\">Radiatorfl\u00e4ktar<\/strong><\/p>\n<ul data-start=\"1745\" data-end=\"2269\">\n<li data-section-id=\"1fx6ftv\" data-start=\"1745\" data-end=\"1781\">\n<p data-start=\"1747\" data-end=\"1781\"><strong data-start=\"1747\" data-end=\"1756\">Fans:<\/strong> 2 \u00d7 Valkyrie A12 A-RGB<\/p>\n<\/li>\n<li data-section-id=\"4gxwq5\" data-start=\"1782\" data-end=\"1814\">\n<p data-start=\"1784\" data-end=\"1814\"><strong data-start=\"1784\" data-end=\"1794\">Fart:<\/strong> 800\u20131800 varv\/min \u00b110%<\/p>\n<\/li>\n<li data-section-id=\"1ndc1jn\" data-start=\"1815\" data-end=\"1853\">\n<p data-start=\"1817\" data-end=\"1853\"><strong data-start=\"1817\" data-end=\"1830\">Luftfl\u00f6de:<\/strong> 69 CFM \/ 117,23 m\u00b3\/h<\/p>\n<\/li>\n<li data-section-id=\"1jusvvo\" data-start=\"1854\" data-end=\"1888\">\n<p data-start=\"1856\" data-end=\"1888\"><strong data-start=\"1856\" data-end=\"1876\">Statiskt tryck<\/strong> 2,2 mmH\u2082O<\/p>\n<\/li>\n<li data-section-id=\"m82t5q\" data-start=\"1889\" data-end=\"1922\">\n<p data-start=\"1891\" data-end=\"1922\"><strong data-start=\"1891\" data-end=\"1907\">Ljudniv\u00e5:<\/strong> 32,8 dBA max<\/p>\n<\/li>\n<li data-section-id=\"mbk606\" data-start=\"1923\" data-end=\"1953\">\n<p data-start=\"1925\" data-end=\"1953\"><strong data-start=\"1925\" data-end=\"1937\">Lager:<\/strong> Gev\u00e4rslager<\/p>\n<\/li>\n<li data-section-id=\"zri090\" data-start=\"1954\" data-end=\"2269\">\n<p data-start=\"1956\" data-end=\"2269\"><strong data-start=\"1956\" data-end=\"1978\">Sp\u00e4nning \/ Str\u00f6m:<\/strong> 12V \/ 0.2A<br data-start=\"1989\" data-end=\"1992\" \/>Den <strong data-start=\"1996\" data-end=\"2014\">dubbla ARGB-fl\u00e4ktar<\/strong> ger balanserat luftfl\u00f6de och tryck f\u00f6r effektiv v\u00e4rmeavledning, vilket h\u00e5ller din CPU sval under tunga arbetslaster. <strong data-start=\"2127\" data-end=\"2145\">Gev\u00e4rslager<\/strong> s\u00e4kerst\u00e4lla l\u00e5ngvarig, l\u00e5gunderh\u00e5llsdrift, medan ARGB-belysning l\u00e4gger till <strong data-start=\"2219\" data-end=\"2243\">dynamisk visuell stil<\/strong> f\u00f6r att visa upp din byggnation.<\/p>\n<\/li>\n<\/ul>","protected":false},"excerpt":{"rendered":"<p>Den <strong data-start=\"4\" data-end=\"45\"><span class=\"hover:entity-accent entity-underline inline cursor-pointer align-baseline\"><span class=\"whitespace-normal\">Valkyria A-serie 240 AIO v\u00e4tskekylare f\u00f6r CPU<\/span><\/span><\/strong> levererar <strong data-start=\"55\" data-end=\"90\">kraftfull, viskande tyst kylning<\/strong> f\u00f6r h\u00f6gpresterande processorer. Med en <strong data-start=\"125\" data-end=\"142\">2400\u202fvarv\/min pump<\/strong>, 360\u00b0 <strong data-start=\"149\" data-end=\"171\">roterbar ARGB-topp<\/strong>, och levande RGB-belysning, h\u00e5ller den ditt system svalt under tunga arbetslaster samtidigt som den omvandlar din byggnad till en <strong data-start=\"282\" data-end=\"322\">sl\u00e5ende, utst\u00e4llningsklar mittpunkt<\/strong>.<\/p>","protected":false},"featured_media":1571,"comment_status":"closed","ping_status":"closed","template":"","meta":{"_acf_changed":false},"product_brand":[],"product_cat":[188,21],"product_tag":[],"class_list":{"0":"post-1544","1":"product","2":"type-product","3":"status-publish","4":"has-post-thumbnail","6":"product_cat-all-in-one-cpu-cooler","7":"product_cat-components","8":"pa_application-for-1851-1700-1200-115x-2011-2","9":"pa_color-black","10":"pa_fan-dimensions-120x120x25mm","11":"pa_led-type-addressable-rgb-led","12":"pa_pump-connector-4pin-pwm","13":"pa_radiator-dimensions-276x120x27mm","15":"first","16":"instock","17":"purchasable","18":"product-type-simple"},"acf":[],"_links":{"self":[{"href":"https:\/\/hrafninn.se\/sv\/wp-json\/wp\/v2\/product\/1544","targetHints":{"allow":["GET"]}}],"collection":[{"href":"https:\/\/hrafninn.se\/sv\/wp-json\/wp\/v2\/product"}],"about":[{"href":"https:\/\/hrafninn.se\/sv\/wp-json\/wp\/v2\/types\/product"}],"replies":[{"embeddable":true,"href":"https:\/\/hrafninn.se\/sv\/wp-json\/wp\/v2\/comments?post=1544"}],"wp:featuredmedia":[{"embeddable":true,"href":"https:\/\/hrafninn.se\/sv\/wp-json\/wp\/v2\/media\/1571"}],"wp:attachment":[{"href":"https:\/\/hrafninn.se\/sv\/wp-json\/wp\/v2\/media?parent=1544"}],"wp:term":[{"taxonomy":"product_brand","embeddable":true,"href":"https:\/\/hrafninn.se\/sv\/wp-json\/wp\/v2\/product_brand?post=1544"},{"taxonomy":"product_cat","embeddable":true,"href":"https:\/\/hrafninn.se\/sv\/wp-json\/wp\/v2\/product_cat?post=1544"},{"taxonomy":"product_tag","embeddable":true,"href":"https:\/\/hrafninn.se\/sv\/wp-json\/wp\/v2\/product_tag?post=1544"}],"curies":[{"name":"wp","href":"https:\/\/api.w.org\/{rel}","templated":true}]}}