{"id":1531,"date":"2026-03-05T21:14:39","date_gmt":"2026-03-05T20:14:39","guid":{"rendered":"https:\/\/hrafninn.se\/product\/surge-sl125-lite-black\/"},"modified":"2026-03-11T11:08:56","modified_gmt":"2026-03-11T10:08:56","slug":"surge-sl125-lite-black","status":"publish","type":"product","link":"https:\/\/hrafninn.se\/sv\/produkt\/surge-sl125-lite-black\/","title":{"rendered":"VALKYRIE SURGE SL125 LITE, Svart"},"content":{"rendered":"<p data-start=\"179\" data-end=\"439\"><strong data-start=\"179\" data-end=\"196\">Kompatibilitet<\/strong><br data-start=\"196\" data-end=\"199\" \/>St\u00f6der AMD AM5- och AM4-socklar samt Intel 1851-, 1700-, 1200- och 1151-socklar. Detta s\u00e4kerst\u00e4ller bred kompatibilitet med b\u00e5de den senaste och tidigare generationens processorer, s\u00e5 att du tryggt kan uppgradera eller bygga utan att oroa dig f\u00f6r passformen.<\/p>\n<p data-start=\"441\" data-end=\"457\"><strong data-start=\"441\" data-end=\"455\">Grundl\u00e4ggande info<\/strong><\/p>\n<ul data-start=\"458\" data-end=\"1109\">\n<li data-section-id=\"19s0v2l\" data-start=\"458\" data-end=\"624\">\n<p data-start=\"460\" data-end=\"624\"><strong data-start=\"460\" data-end=\"472\">CPU TDP:<\/strong> 230 W - Hanterar effektivt h\u00f6gpresterande processorer och h\u00e5ller processorn sval \u00e4ven under tunga arbetsbelastningar som spel, streaming eller inneh\u00e5llsskapande.<\/p>\n<\/li>\n<li data-section-id=\"iw6gar\" data-start=\"625\" data-end=\"716\">\n<p data-start=\"627\" data-end=\"716\"><strong data-start=\"627\" data-end=\"640\">Garanti:<\/strong> 3 \u00e5r - Ger sinnesfrid med l\u00e5ngsiktigt skydd mot defekter.<\/p>\n<\/li>\n<li data-section-id=\"4i65nk\" data-start=\"717\" data-end=\"847\">\n<p data-start=\"719\" data-end=\"847\"><strong data-start=\"719\" data-end=\"734\">M\u00e5tt:<\/strong> 196 x 157 x 138 mm - Kompakt men \u00e4nd\u00e5 kraftfull, passar i de flesta moderna datorchassin utan att blockera RAM eller andra komponenter.<\/p>\n<\/li>\n<li data-section-id=\"1os9lt0\" data-start=\"848\" data-end=\"974\">\n<p data-start=\"850\" data-end=\"974\"><strong data-start=\"850\" data-end=\"868\">RGB-kontakt<\/strong> 3-Pin A-RGB - Anpassa belysningen i datorn med j\u00e4mna, synkroniserade effekter som matchar stilen p\u00e5 ditt bygge.<\/p>\n<\/li>\n<li data-section-id=\"17nqeye\" data-start=\"975\" data-end=\"1109\">\n<p data-start=\"977\" data-end=\"1109\"><strong data-start=\"977\" data-end=\"1001\">Fl\u00e4ktstr\u00f6mkontakt:<\/strong> 4-Pin PWM \u2013 M\u00f6jligg\u00f6r exakt fl\u00e4kthastighetskontroll f\u00f6r den perfekta balansen mellan kylning och tyst drift.<\/p>\n<\/li>\n<\/ul>\n<p data-start=\"1111\" data-end=\"1125\"><strong data-start=\"1111\" data-end=\"1123\">Kylfl\u00e4ns<\/strong><\/p>\n<ul data-start=\"1126\" data-end=\"1580\">\n<li data-section-id=\"154p9x1\" data-start=\"1126\" data-end=\"1222\">\n<p data-start=\"1128\" data-end=\"1222\"><strong data-start=\"1128\" data-end=\"1141\">Material:<\/strong> Aluminium - L\u00e5g vikt och mycket effektiv v\u00e4rmeavledning fr\u00e5n processorn.<\/p>\n<\/li>\n<li data-section-id=\"11gvl0x\" data-start=\"1223\" data-end=\"1349\">\n<p data-start=\"1225\" data-end=\"1349\"><strong data-start=\"1225\" data-end=\"1240\">M\u00e5tt:<\/strong> 120 x 72,5 x 155 mm \u2013 Optimerad f\u00f6r maximal yta utan att ta upp on\u00f6digt utrymme i ditt chassi.<\/p>\n<\/li>\n<li data-section-id=\"1k5rkoy\" data-start=\"1350\" data-end=\"1461\">\n<p data-start=\"1352\" data-end=\"1461\"><strong data-start=\"1352\" data-end=\"1371\">Antal fenor:<\/strong> 48 - Fler fenor inneb\u00e4r snabbare v\u00e4rmeavledning, vilket hj\u00e4lper din CPU att bibeh\u00e5lla topprestanda.<\/p>\n<\/li>\n<li data-section-id=\"avi4r4\" data-start=\"1462\" data-end=\"1580\">\n<p data-start=\"1464\" data-end=\"1580\"><strong data-start=\"1464\" data-end=\"1485\">Mellanrum mellan fenorna:<\/strong> 2,15 mm - Utformad f\u00f6r optimalt luftfl\u00f6de, vilket maximerar kylningseffektiviteten samtidigt som ljudniv\u00e5n minimeras.<\/p>\n<\/li>\n<\/ul>\n<p data-start=\"1582\" data-end=\"1601\"><strong data-start=\"1582\" data-end=\"1599\">Kylfl\u00e4nsfl\u00e4ktar<\/strong><\/p>\n<ul data-start=\"1602\" data-end=\"2455\">\n<li data-section-id=\"1bm8p5c\" data-start=\"1602\" data-end=\"1717\">\n<p data-start=\"1604\" data-end=\"1717\"><strong data-start=\"1604\" data-end=\"1612\">Fl\u00e4kt<\/strong> 1x Valkyrie B12 A-RGB - En h\u00f6gkvalitativ fl\u00e4kt som ger b\u00e5de utm\u00e4rkt kylning och fantastisk belysning.<\/p>\n<\/li>\n<li data-section-id=\"4q6kz4\" data-start=\"1718\" data-end=\"1861\">\n<p data-start=\"1720\" data-end=\"1861\"><strong data-start=\"1720\" data-end=\"1730\">Fart:<\/strong> 800 - 2150RPM \u00b1 10% - Justerbar hastighet ger tyst drift under l\u00e4tta arbetsbelastningar och kraftfullt luftfl\u00f6de under tung CPU-belastning.<\/p>\n<\/li>\n<li data-section-id=\"x9twj3\" data-start=\"1862\" data-end=\"1971\">\n<p data-start=\"1864\" data-end=\"1971\"><strong data-start=\"1864\" data-end=\"1877\">Luftfl\u00f6de:<\/strong> 81,68CFM \/ 138,77 m\u00b3\/h - Flyttar en stor luftvolym f\u00f6r att h\u00e5lla ditt system konstant svalt.<\/p>\n<\/li>\n<li data-section-id=\"1fptab2\" data-start=\"1972\" data-end=\"2103\">\n<p data-start=\"1974\" data-end=\"2103\"><strong data-start=\"1974\" data-end=\"1994\">Statiskt tryck<\/strong> 4.0 mmH\u2082O \u2013 H\u00f6gt tryck hj\u00e4lper till att effektivt pressa luft genom t\u00e4ta kylfl\u00e4nsar f\u00f6r maximal v\u00e4rmeavledning.<\/p>\n<\/li>\n<li data-section-id=\"7jiw55\" data-start=\"2104\" data-end=\"2208\">\n<p data-start=\"2106\" data-end=\"2208\"><strong data-start=\"2106\" data-end=\"2130\">Maximal ljudniv\u00e5:<\/strong> 30,5 dBA (max) \u2013 Tyst nog f\u00f6r distraktionfria arbets- eller spelsessioner.<\/p>\n<\/li>\n<li data-section-id=\"11jz1hl\" data-start=\"2209\" data-end=\"2309\">\n<p data-start=\"2211\" data-end=\"2309\"><strong data-start=\"2211\" data-end=\"2223\">Lager:<\/strong> Glidlager \u2013 H\u00e5llbart och l\u00e5nglivat f\u00f6r \u00e5r av p\u00e5litlig prestanda.<\/p>\n<\/li>\n<li data-section-id=\"wbhhpy\" data-start=\"2310\" data-end=\"2331\">\n<p data-start=\"2312\" data-end=\"2331\"><strong data-start=\"2312\" data-end=\"2324\">Nuvarande:<\/strong> 0.2A<\/p>\n<\/li>\n<li data-section-id=\"6qxj8l\" data-start=\"2332\" data-end=\"2455\">\n<p data-start=\"2334\" data-end=\"2455\"><strong data-start=\"2334\" data-end=\"2346\">Sp\u00e4nning:<\/strong> 12V \u2013 Standardsp\u00e4nning s\u00e4kerst\u00e4ller kompatibilitet med de flesta PC-upps\u00e4ttningar samtidigt som den levererar stabil str\u00f6m till fl\u00e4kten.<\/p>\n<\/li>\n<\/ul>","protected":false},"excerpt":{"rendered":"<p>H\u00e5ll dina CPU-temperaturer stabila med <strong data-start=\"43\" data-end=\"78\">Valkyrie Surge SL125 Lite luftkylare<\/strong>. Med <strong data-start=\"90\" data-end=\"190\">4 kompositv\u00e4rmer\u00f6r, en kylarfl\u00e4ns med 48 fenor och en Valkyrie B12 ARGB-fl\u00e4kt med fluid dynamiskt lager<\/strong>, den levererar effektiv v\u00e4rmeavledning med tyst luftfl\u00f6de. Kompatibel med <strong data-start=\"267\" data-end=\"311\">AMD AM5\/AM4 och Intel LGA 1851\/1700\/1200<\/strong>, den erbjuder p\u00e5litlig kylning, enkel installation och modern RGB-stil.<\/p>","protected":false},"featured_media":1946,"comment_status":"closed","ping_status":"closed","template":"","meta":{"_acf_changed":false},"product_brand":[],"product_cat":[181,21],"product_tag":[],"class_list":{"0":"post-1531","1":"product","2":"type-product","3":"status-publish","4":"has-post-thumbnail","6":"product_cat-air-cpu-cooler","7":"product_cat-components","8":"pa_application-for-intel-lga-1851-1700-1200-115x-amd-am5-am4","9":"pa_fan-dimensions-120x120x25mm","10":"pa_fan-noise-26dba","11":"pa_fan-speed-500-1600rpm-10","12":"pa_heatpipe-o6-mmx4-pcs","13":"pa_led-type-addressable-rgb-led","15":"first","16":"outofstock","17":"purchasable","18":"product-type-simple"},"acf":[],"_links":{"self":[{"href":"https:\/\/hrafninn.se\/sv\/wp-json\/wp\/v2\/product\/1531","targetHints":{"allow":["GET"]}}],"collection":[{"href":"https:\/\/hrafninn.se\/sv\/wp-json\/wp\/v2\/product"}],"about":[{"href":"https:\/\/hrafninn.se\/sv\/wp-json\/wp\/v2\/types\/product"}],"replies":[{"embeddable":true,"href":"https:\/\/hrafninn.se\/sv\/wp-json\/wp\/v2\/comments?post=1531"}],"wp:featuredmedia":[{"embeddable":true,"href":"https:\/\/hrafninn.se\/sv\/wp-json\/wp\/v2\/media\/1946"}],"wp:attachment":[{"href":"https:\/\/hrafninn.se\/sv\/wp-json\/wp\/v2\/media?parent=1531"}],"wp:term":[{"taxonomy":"product_brand","embeddable":true,"href":"https:\/\/hrafninn.se\/sv\/wp-json\/wp\/v2\/product_brand?post=1531"},{"taxonomy":"product_cat","embeddable":true,"href":"https:\/\/hrafninn.se\/sv\/wp-json\/wp\/v2\/product_cat?post=1531"},{"taxonomy":"product_tag","embeddable":true,"href":"https:\/\/hrafninn.se\/sv\/wp-json\/wp\/v2\/product_tag?post=1531"}],"curies":[{"name":"wp","href":"https:\/\/api.w.org\/{rel}","templated":true}]}}