{"id":1526,"date":"2026-03-05T21:14:39","date_gmt":"2026-03-05T20:14:39","guid":{"rendered":"https:\/\/hrafninn.se\/product\/dl125-white\/"},"modified":"2026-04-06T10:55:39","modified_gmt":"2026-04-06T08:55:39","slug":"dl125-white","status":"publish","type":"product","link":"https:\/\/hrafninn.se\/sv\/produkt\/dl125-white\/","title":{"rendered":"Valkyrie Vind 125 DL CPU-luftkylare, vit"},"content":{"rendered":"<h3 data-section-id=\"purqi0\" data-start=\"245\" data-end=\"262\">Kompatibilitet<\/h3>\n<ul data-start=\"263\" data-end=\"537\">\n<li data-section-id=\"aweyev\" data-start=\"263\" data-end=\"284\">\n<p data-start=\"265\" data-end=\"284\"><strong data-start=\"265\" data-end=\"282\">AMD: AM5, AM4<\/strong><\/p>\n<\/li>\n<li data-section-id=\"1iiv5o1\" data-start=\"285\" data-end=\"537\">\n<p data-start=\"287\" data-end=\"537\"><strong data-start=\"287\" data-end=\"320\">Intel: 1851, 1700, 1200, 1151<\/strong><br data-start=\"320\" data-end=\"323\" \/>Brett st\u00f6d f\u00f6r olika plattformar s\u00e4kerst\u00e4ller att kylaren fungerar med m\u00e5nga moderna AMD- och Intel-processorer, vilket g\u00f6r den till ett p\u00e5litligt val f\u00f6r nya datorbyggen eller framtida systemuppgraderingar utan behov av ytterligare monteringsl\u00f6sningar.<\/p>\n<\/li>\n<\/ul>\n<hr data-start=\"539\" data-end=\"542\" \/>\n<h3 data-section-id=\"1n9q0uo\" data-start=\"544\" data-end=\"565\">Grundl\u00e4ggande information<\/h3>\n<ul data-start=\"566\" data-end=\"1547\">\n<li data-section-id=\"15xan3\" data-start=\"566\" data-end=\"794\">\n<p data-start=\"568\" data-end=\"794\"><strong data-start=\"568\" data-end=\"585\">CPU TDP: 260W<\/strong><br data-start=\"585\" data-end=\"588\" \/>St\u00f6der processorer med upp till 260W termisk designeffekt, vilket g\u00f6r att kylaren kan hantera h\u00f6gpresterande CPU:er som anv\u00e4nds f\u00f6r spel, inneh\u00e5llsskapande och kr\u00e4vande arbetsbelastningar, samtidigt som stabila temperaturer uppr\u00e4tth\u00e5lls.<\/p>\n<\/li>\n<li data-section-id=\"akh8jz\" data-start=\"796\" data-end=\"938\">\n<p data-start=\"798\" data-end=\"938\"><strong data-start=\"798\" data-end=\"819\">Garanti: 5 \u00e5r<\/strong><br data-start=\"819\" data-end=\"822\" \/>En l\u00e5ngsiktig garanti ger trygghet och garanterar p\u00e5litlig kyleffekt f\u00f6r \u00e5r av kontinuerlig anv\u00e4ndning.<\/p>\n<\/li>\n<li data-section-id=\"wj3syu\" data-start=\"940\" data-end=\"1123\">\n<p data-start=\"942\" data-end=\"1123\"><strong data-start=\"942\" data-end=\"976\">M\u00e5tt: 222 x 204 x 158 mm<\/strong><br data-start=\"976\" data-end=\"979\" \/>Kylarens storlek ger en stor kyleryta f\u00f6r f\u00f6rb\u00e4ttrad v\u00e4rmeavledning samtidigt som den fortfarande passar i m\u00e5nga vanliga mid-tower PC-chassin.<\/p>\n<\/li>\n<li data-section-id=\"r5ilzh\" data-start=\"1125\" data-end=\"1333\">\n<p data-start=\"1127\" data-end=\"1333\"><strong data-start=\"1127\" data-end=\"1167\">RGB-kontakt: 3-pins A-RGB-kontakt<\/strong><br data-start=\"1167\" data-end=\"1170\" \/>Kompatibel med popul\u00e4ra moderkortets ARGB-headers, vilket g\u00f6r att du kan synkronisera ljuseffekter med resten av dina RGB-komponenter f\u00f6r en enhetlig systemestetik.<\/p>\n<\/li>\n<li data-section-id=\"8jbkja\" data-start=\"1335\" data-end=\"1547\">\n<p data-start=\"1337\" data-end=\"1547\"><strong data-start=\"1337\" data-end=\"1381\">Fl\u00e4ktens str\u00f6mkontakt: 4-stifts PWM-kontakt<\/strong><br data-start=\"1381\" data-end=\"1384\" \/>PWM-fl\u00e4ktstyrning justerar automatiskt fl\u00e4kthastigheten beroende p\u00e5 CPU-temperatur, vilket ger optimal kylprestanda samtidigt som ljudniv\u00e5n minskar vid l\u00e4ttare arbetsbelastningar.<\/p>\n<\/li>\n<\/ul>\n<hr data-start=\"1549\" data-end=\"1552\" \/>\n<h3 data-section-id=\"17vuov5\" data-start=\"1554\" data-end=\"1566\">Kylfl\u00e4ns<\/h3>\n<ul data-start=\"1567\" data-end=\"2228\">\n<li data-section-id=\"l4woqo\" data-start=\"1567\" data-end=\"1723\">\n<p data-start=\"1569\" data-end=\"1723\"><strong data-start=\"1569\" data-end=\"1592\">Material: Aluminium<\/strong><br data-start=\"1592\" data-end=\"1595\" \/>Aluminiumkonstruktionen ger en utm\u00e4rkt balans mellan effektiv v\u00e4rmeavledning, h\u00e5llbarhet och l\u00e5g vikt.<\/p>\n<\/li>\n<li data-section-id=\"x463m1\" data-start=\"1725\" data-end=\"1895\">\n<p data-start=\"1727\" data-end=\"1895\"><strong data-start=\"1727\" data-end=\"1761\">M\u00e5tt: 150 x 137 x 158 mm<\/strong><br data-start=\"1761\" data-end=\"1764\" \/>Den stora kylfl\u00e4nsen \u00f6kar v\u00e4rmeavledningskapaciteten, vilket hj\u00e4lper till att bibeh\u00e5lla stabila CPU-temperaturer under kr\u00e4vande applikationer.<\/p>\n<\/li>\n<li data-section-id=\"h3rb61\" data-start=\"1897\" data-end=\"2043\">\n<p data-start=\"1899\" data-end=\"2043\"><strong data-start=\"1899\" data-end=\"1922\">Antal fenor: 100<\/strong><br data-start=\"1922\" data-end=\"1925\" \/>En t\u00e4t 100-fensstruktur ut\u00f6kar kylningsytan avsev\u00e4rt, vilket m\u00f6jligg\u00f6r effektivare v\u00e4rmeavledning.<\/p>\n<\/li>\n<li data-section-id=\"16z7p8z\" data-start=\"2045\" data-end=\"2228\">\n<p data-start=\"2047\" data-end=\"2228\"><strong data-start=\"2047\" data-end=\"2075\">Mellanrum mellan fenor: 2,2 mm<\/strong><br data-start=\"2075\" data-end=\"2078\" \/>Den optimerade fl\u00e4nsavst\u00e5ndet f\u00f6rb\u00e4ttrar luftfl\u00f6det genom kylfl\u00e4nsen, vilket g\u00f6r att fl\u00e4ktarna kan trycka luft mer effektivt och f\u00f6rb\u00e4ttra den \u00f6vergripande kylningsprestandan.<\/p>\n<\/li>\n<\/ul>\n<hr data-start=\"2230\" data-end=\"2233\" \/>\n<h3 data-section-id=\"17dxa6z\" data-start=\"2235\" data-end=\"2252\">Kylfl\u00e4nsfl\u00e4ktar<\/h3>\n<ul data-start=\"2253\" data-end=\"3491\">\n<li data-section-id=\"vjm3tn\" data-start=\"2253\" data-end=\"2455\">\n<p data-start=\"2255\" data-end=\"2455\"><strong data-start=\"2255\" data-end=\"2285\">Fl\u00e4kt: 2x Valkyrie U12 A-RGB<\/strong><br data-start=\"2285\" data-end=\"2288\" \/>Dubbla fl\u00e4ktar ger starkare luftfl\u00f6de genom kylfl\u00e4ns tornet, vilket \u00f6kar kyleffektiviteten samtidigt som anpassningsbar ARGB-belysning l\u00e4ggs till f\u00f6r att f\u00f6rb\u00e4ttra din dators visuella stil.<\/p>\n<\/li>\n<li data-section-id=\"de4dx4\" data-start=\"2457\" data-end=\"2626\">\n<p data-start=\"2459\" data-end=\"2626\"><strong data-start=\"2459\" data-end=\"2490\">Varvtal: 800 - 2150 RPM \u00b1 10%<\/strong><br data-start=\"2490\" data-end=\"2493\" \/>Brett varvtalsomr\u00e5de g\u00f6r att fl\u00e4ktarna kan k\u00f6ras tyst under l\u00e4tta uppgifter och \u00f6ka f\u00f6r maximal kylning n\u00e4r din CPU \u00e4r under tung belastning.<\/p>\n<\/li>\n<li data-section-id=\"b1suaa\" data-start=\"2628\" data-end=\"2771\">\n<p data-start=\"2630\" data-end=\"2771\"><strong data-start=\"2630\" data-end=\"2664\">Luftfl\u00f6de: 78 CFM \/ 132,52 m\u00b3\/h<\/strong><br data-start=\"2664\" data-end=\"2667\" \/>H\u00f6gt luftfl\u00f6de s\u00e4kerst\u00e4ller effektiv v\u00e4rmeavledning fr\u00e5n kylfl\u00e4ns.<\/p>\n<\/li>\n<li data-section-id=\"1odg9y2\" data-start=\"2773\" data-end=\"2937\">\n<p data-start=\"2775\" data-end=\"2937\"><strong data-start=\"2775\" data-end=\"2806\">Statiskt tryck: 3,14 mmH\u2082O<\/strong><br data-start=\"2806\" data-end=\"2809\" \/>Starkt statiskt tryck g\u00f6r att fl\u00e4ktarna effektivt kan trycka luft genom de t\u00e4ta kylfl\u00e4nsarna f\u00f6r f\u00f6rb\u00e4ttrad termisk prestanda.<\/p>\n<\/li>\n<li data-section-id=\"1gc8ife\" data-start=\"2939\" data-end=\"3080\">\n<p data-start=\"2941\" data-end=\"3080\"><strong data-start=\"2941\" data-end=\"2980\">Maximal ljudniv\u00e5: 30,5 dBA (max)<\/strong><br data-start=\"2980\" data-end=\"2983\" \/>L\u00e5gt ljudutsl\u00e4pp hj\u00e4lper till att h\u00e5lla ditt system tyst \u00e4ven n\u00e4r kylaren arbetar med h\u00f6gre hastigheter.<\/p>\n<\/li>\n<li data-section-id=\"10mmkzu\" data-start=\"3082\" data-end=\"3239\">\n<p data-start=\"3084\" data-end=\"3239\"><strong data-start=\"3084\" data-end=\"3118\">Lager: Fluid dynamic-lager<\/strong><br data-start=\"3118\" data-end=\"3121\" \/>Fluidlagermetoder f\u00f6rb\u00e4ttrar h\u00e5llbarheten och minskar friktionen, vilket leder till l\u00e4ngre fl\u00e4ktlivsl\u00e4ngd och tystare drift.<\/p>\n<\/li>\n<li data-section-id=\"1dyjbmh\" data-start=\"3241\" data-end=\"3364\">\n<p data-start=\"3243\" data-end=\"3364\"><strong data-start=\"3243\" data-end=\"3260\">Nuvarande: 0,2 A<\/strong><br data-start=\"3260\" data-end=\"3263\" \/>Effektiv str\u00f6mf\u00f6rbrukning s\u00e4kerst\u00e4ller stabil fl\u00e4ktprestanda utan att belasta ditt system i on\u00f6dan.<\/p>\n<\/li>\n<li data-section-id=\"w3h4pu\" data-start=\"3366\" data-end=\"3491\">\n<p data-start=\"3368\" data-end=\"3491\"><strong data-start=\"3368\" data-end=\"3384\">Sp\u00e4nning: 12V<\/strong><br data-start=\"3384\" data-end=\"3387\" \/>Standard driftssp\u00e4nning s\u00e4kerst\u00e4ller kompatibilitet med de flesta moderkortsf\u00e4sten och PC-str\u00f6msystem.<\/p>\n<\/li>\n<\/ul>\n<hr data-start=\"3493\" data-end=\"3496\" \/>\n<p data-start=\"3498\" data-end=\"3526\"><strong data-start=\"3500\" data-end=\"3526\">Kundv\u00e4rdes\u00f6versikt<\/strong><\/p>\n<p data-start=\"3528\" data-end=\"3808\" data-is-last-node=\"\" data-is-only-node=\"\">Valkyrie Vind DL125 levererar <strong data-start=\"3561\" data-end=\"3664\">stark kylprestanda, tyst drift, bred CPU-kompatibilitet och anpassningsbar ARGB-belysning<\/strong>, vilket g\u00f6r det till ett utm\u00e4rkt val f\u00f6r <strong data-start=\"3700\" data-end=\"3773\">gamingdatorer, arbetsstationer f\u00f6r kreat\u00f6rer och h\u00f6gpresterande station\u00e4ra datorer<\/strong> som kr\u00e4ver p\u00e5litlig luftkylning.<\/p>","protected":false},"excerpt":{"rendered":"<p>Uppgradera din kylning med <strong data-start=\"30\" data-end=\"87\">Valkyrie Vind DL125 dubbeltorn CPU-luftkylare (vit)<\/strong>. Sin <strong data-start=\"93\" data-end=\"195\">100-fin kylfl\u00e4ns, HDT-bas med 6 v\u00e4rmer\u00f6r, och dubbla Valkyrie U12 ARGB-fl\u00e4ktar (78 CFM \/ 3,14 mmH\u2082O)<\/strong> leverera kraftfullt luftfl\u00f6de med en ljudniv\u00e5 upp till <strong data-start=\"238\" data-end=\"250\">30,5 dBA<\/strong>. Kompatibel med <strong data-start=\"268\" data-end=\"312\">AMD AM5\/AM4 och Intel LGA 1851\/1700\/1200<\/strong>, den kombinerar stark kyleffekt, tyst prestanda och snygg ARGB-belysning.<\/p>","protected":false},"featured_media":1928,"comment_status":"closed","ping_status":"closed","template":"","meta":{"_acf_changed":false},"product_brand":[],"product_cat":[181,21],"product_tag":[],"class_list":{"0":"post-1526","1":"product","2":"type-product","3":"status-publish","4":"has-post-thumbnail","6":"product_cat-air-cpu-cooler","7":"product_cat-components","8":"pa_application-for-intel-lga-1851-1700-1200-115x-2011-2011-3-2066-amd-am5-am4","9":"pa_fan-dimensions-120x120x25mm","10":"pa_fan-noise-29dba","11":"pa_fan-speed-800-2150rpm-10","12":"pa_heatpipe-o6-mmx6-pcs","13":"pa_led-type-addressable-rgb-led","15":"first","16":"instock","17":"purchasable","18":"product-type-simple"},"acf":[],"_links":{"self":[{"href":"https:\/\/hrafninn.se\/sv\/wp-json\/wp\/v2\/product\/1526","targetHints":{"allow":["GET"]}}],"collection":[{"href":"https:\/\/hrafninn.se\/sv\/wp-json\/wp\/v2\/product"}],"about":[{"href":"https:\/\/hrafninn.se\/sv\/wp-json\/wp\/v2\/types\/product"}],"replies":[{"embeddable":true,"href":"https:\/\/hrafninn.se\/sv\/wp-json\/wp\/v2\/comments?post=1526"}],"wp:featuredmedia":[{"embeddable":true,"href":"https:\/\/hrafninn.se\/sv\/wp-json\/wp\/v2\/media\/1928"}],"wp:attachment":[{"href":"https:\/\/hrafninn.se\/sv\/wp-json\/wp\/v2\/media?parent=1526"}],"wp:term":[{"taxonomy":"product_brand","embeddable":true,"href":"https:\/\/hrafninn.se\/sv\/wp-json\/wp\/v2\/product_brand?post=1526"},{"taxonomy":"product_cat","embeddable":true,"href":"https:\/\/hrafninn.se\/sv\/wp-json\/wp\/v2\/product_cat?post=1526"},{"taxonomy":"product_tag","embeddable":true,"href":"https:\/\/hrafninn.se\/sv\/wp-json\/wp\/v2\/product_tag?post=1526"}],"curies":[{"name":"wp","href":"https:\/\/api.w.org\/{rel}","templated":true}]}}