{"id":1524,"date":"2026-03-05T21:14:39","date_gmt":"2026-03-05T20:14:39","guid":{"rendered":"https:\/\/hrafninn.se\/product\/sl125-black\/"},"modified":"2026-03-11T11:08:56","modified_gmt":"2026-03-11T10:08:56","slug":"sl125-black","status":"publish","type":"product","link":"https:\/\/hrafninn.se\/sv\/produkt\/sl125-black\/","title":{"rendered":"VALKYRIE VIND 125 SL CPU Luftkylare, Svart"},"content":{"rendered":"<h3 data-section-id=\"purqi0\" data-start=\"247\" data-end=\"264\">Kompatibilitet<\/h3>\n<ul data-start=\"265\" data-end=\"497\">\n<li data-section-id=\"aweyev\" data-start=\"265\" data-end=\"286\">\n<p data-start=\"267\" data-end=\"286\"><strong data-start=\"267\" data-end=\"284\">AMD: AM5, AM4<\/strong><\/p>\n<\/li>\n<li data-section-id=\"15x6yn7\" data-start=\"287\" data-end=\"497\">\n<p data-start=\"289\" data-end=\"497\"><strong data-start=\"289\" data-end=\"322\">Intel: 1851, 1700, 1200, 1151<\/strong><br data-start=\"322\" data-end=\"325\" \/>Bred kompatibilitet med processorsocklar g\u00f6r att kylaren kan anv\u00e4ndas med m\u00e5nga moderna AMD- och Intel-processorer, vilket g\u00f6r den till en flexibel l\u00f6sning f\u00f6r b\u00e5de nya PC-byggen och framtida uppgraderingar.<\/p>\n<\/li>\n<\/ul>\n<hr data-start=\"499\" data-end=\"502\" \/>\n<h3 data-section-id=\"1n9q0uo\" data-start=\"504\" data-end=\"525\">Grundl\u00e4ggande information<\/h3>\n<ul data-start=\"526\" data-end=\"1455\">\n<li data-section-id=\"q0ivm8\" data-start=\"526\" data-end=\"734\">\n<p data-start=\"528\" data-end=\"734\"><strong data-start=\"528\" data-end=\"545\">CPU TDP: 230W<\/strong><br data-start=\"545\" data-end=\"548\" \/>Designad f\u00f6r att klara processorer med upp till 230W termisk designeffekt, vilket s\u00e4kerst\u00e4ller effektiv kylning \u00e4ven f\u00f6r h\u00f6gpresterande CPU:er som anv\u00e4nds f\u00f6r spel, streaming och kr\u00e4vande produktivitetsuppgifter.<\/p>\n<\/li>\n<li data-section-id=\"ihwkj6\" data-start=\"736\" data-end=\"895\">\n<p data-start=\"738\" data-end=\"895\"><strong data-start=\"738\" data-end=\"759\">Garanti: 5 \u00e5r<\/strong><br data-start=\"759\" data-end=\"762\" \/>En l\u00e5ngvarig.<\/p>\n<\/li>\n<li data-section-id=\"dxj925\" data-start=\"897\" data-end=\"1054\">\n<p data-start=\"899\" data-end=\"1054\"><strong data-start=\"899\" data-end=\"933\">M\u00e5tt: 195 x 169 x 222 mm<\/strong><br data-start=\"933\" data-end=\"936\" \/>Kylarens storlek m\u00f6jligg\u00f6r en stor v\u00e4rmeavledande yta samtidigt som den \u00e4r kompatibel med m\u00e5nga mid-tower PC-chassin.<\/p>\n<\/li>\n<li data-section-id=\"evxnyl\" data-start=\"1056\" data-end=\"1251\">\n<p data-start=\"1058\" data-end=\"1251\"><strong data-start=\"1058\" data-end=\"1098\">RGB-kontakt: 3-pins A-RGB-kontakt<\/strong><br data-start=\"1098\" data-end=\"1101\" \/>M\u00f6jligg\u00f6r synkronisering av ljuseffekter med kompatibla moderkort och RGB-ekosystem, vilket bidrar till att skapa en enhetlig och visuellt imponerande PC-byggnation.<\/p>\n<\/li>\n<li data-section-id=\"y3ert3\" data-start=\"1253\" data-end=\"1455\">\n<p data-start=\"1255\" data-end=\"1455\"><strong data-start=\"1255\" data-end=\"1299\">Fl\u00e4ktens str\u00f6mkontakt: 4-stifts PWM-kontakt<\/strong><br data-start=\"1299\" data-end=\"1302\" \/>PWM-styrning justerar automatiskt fl\u00e4kthastigheten baserat p\u00e5 CPU-temperatur, vilket ger.<\/p>\n<\/li>\n<\/ul>\n<hr data-start=\"1457\" data-end=\"1460\" \/>\n<h3 data-section-id=\"17vuov5\" data-start=\"1462\" data-end=\"1474\">Kylfl\u00e4ns<\/h3>\n<ul data-start=\"1475\" data-end=\"2102\">\n<li data-section-id=\"bj3z0l\" data-start=\"1475\" data-end=\"1611\">\n<p data-start=\"1477\" data-end=\"1611\"><strong data-start=\"1477\" data-end=\"1500\">Material: Aluminium<\/strong><br data-start=\"1500\" data-end=\"1503\" \/>Aluminiumkonstruktion ger effektiv v\u00e4rmeavledning samtidigt som kylaren h\u00e5lls l\u00e4tt och h\u00e5llbar.<\/p>\n<\/li>\n<li data-section-id=\"ha0g20\" data-start=\"1613\" data-end=\"1772\">\n<p data-start=\"1615\" data-end=\"1772\"><strong data-start=\"1615\" data-end=\"1651\">M\u00e5tt: 125 x 109 x 157 mm 125 x 109 x 157,5 mm<\/strong><br data-start=\"1651\" data-end=\"1654\" \/>En v\u00e4lbalanserad kylfl\u00e4nsstorlek s\u00e4kerst\u00e4ller effektiv v\u00e4rme\u00f6verf\u00f6ring samtidigt som den bibeh\u00e5ller god kompatibilitet med m\u00e5nga PC-chassin.<\/p>\n<\/li>\n<li data-section-id=\"1qa539g\" data-start=\"1774\" data-end=\"1915\">\n<p data-start=\"1776\" data-end=\"1915\"><strong data-start=\"1776\" data-end=\"1798\">Antal fenor: 50<\/strong><br data-start=\"1798\" data-end=\"1801\" \/>Strukturen med 50 fenor \u00f6kar kylningsytan, vilket m\u00f6jligg\u00f6r effektiv v\u00e4rmeavledning fr\u00e5n CPU:n.<\/p>\n<\/li>\n<li data-section-id=\"1ox47ae\" data-start=\"1917\" data-end=\"2102\">\n<p data-start=\"1919\" data-end=\"2102\"><strong data-start=\"1919\" data-end=\"1948\">Mellanrum mellan fenor: 2,15 mm<\/strong><br data-start=\"1948\" data-end=\"1951\" \/>Optimerat avst\u00e5nd mellan fenorna f\u00f6rb\u00e4ttrar luftfl\u00f6det genom kylfl\u00e4nsen, vilket hj\u00e4lper fl\u00e4ktarna att trycka luft mer effektivt och f\u00f6rst\u00e4rker den \u00f6vergripande kylprestandan.<\/p>\n<\/li>\n<\/ul>\n<hr data-start=\"2104\" data-end=\"2107\" \/>\n<h3 data-section-id=\"17dxa6z\" data-start=\"2109\" data-end=\"2126\">Kylfl\u00e4nsfl\u00e4ktar<\/h3>\n<ul data-start=\"2127\" data-end=\"3339\">\n<li data-section-id=\"pr377p\" data-start=\"2127\" data-end=\"2371\">\n<p data-start=\"2129\" data-end=\"2371\"><strong data-start=\"2129\" data-end=\"2197\">Fl\u00e4kt: 1x Valkyrie X12 A-RGB + 1x Valkyrie X12 Reversed A-RGB-fl\u00e4ktar<\/strong><br data-start=\"2197\" data-end=\"2200\" \/>Dubbla fl\u00e4ktar med en omv\u00e4nd fl\u00e4ktdesign f\u00f6rb\u00e4ttrar luftfl\u00f6dets riktning och visuell symmetri, vilket ger starkare kylning samtidigt som en ren RGB-estetik bibeh\u00e5lls.<\/p>\n<\/li>\n<li data-section-id=\"cbo6lz\" data-start=\"2373\" data-end=\"2525\">\n<p data-start=\"2375\" data-end=\"2525\"><strong data-start=\"2375\" data-end=\"2406\">Varvtal: 800 - 2150 RPM \u00b1 10%<\/strong><br data-start=\"2406\" data-end=\"2409\" \/>Ett brett hastighetsintervall ger tyst drift under l\u00e4tta uppgifter och ett kraftfullt luftfl\u00f6de n\u00e4r processorn \u00e4r h\u00e5rt belastad.<\/p>\n<\/li>\n<li data-section-id=\"11ik0e1\" data-start=\"2527\" data-end=\"2671\">\n<p data-start=\"2529\" data-end=\"2671\"><strong data-start=\"2529\" data-end=\"2563\">Luftfl\u00f6de: 80 CFM \/ 135,92 m\u00b3\/h<\/strong><br data-start=\"2563\" data-end=\"2566\" \/>H\u00f6gt luftfl\u00f6de s\u00e4kerst\u00e4ller effektiv v\u00e4rmeavledning fr\u00e5n kylfl\u00e4nsen, vilket bidrar till att uppr\u00e4tth\u00e5lla optimala CPU-temperaturer.<\/p>\n<\/li>\n<li data-section-id=\"1rtpary\" data-start=\"2673\" data-end=\"2815\">\n<p data-start=\"2675\" data-end=\"2815\"><strong data-start=\"2675\" data-end=\"2706\">Statiskt tryck: 3,14 mmH\u2082O<\/strong><br data-start=\"2706\" data-end=\"2709\" \/>Starkt statiskt tryck hj\u00e4lper till att effektivt driva luft genom kylfl\u00e4nsens fenor, vilket f\u00f6rb\u00e4ttrar kylningseffektiviteten.<\/p>\n<\/li>\n<li data-section-id=\"1pb9x2q\" data-start=\"2817\" data-end=\"2949\">\n<p data-start=\"2819\" data-end=\"2949\"><strong data-start=\"2819\" data-end=\"2856\">Maximal ljudniv\u00e5: 29 dBA (Max)<\/strong><br data-start=\"2856\" data-end=\"2859\" \/>L\u00e5g ljudniv\u00e5 g\u00f6r att ditt system \u00e4r tyst \u00e4ven n\u00e4r kylaren k\u00f6rs i h\u00f6gre hastigheter.<\/p>\n<\/li>\n<li data-section-id=\"woirg7\" data-start=\"2951\" data-end=\"3099\">\n<p data-start=\"2953\" data-end=\"3099\"><strong data-start=\"2953\" data-end=\"2987\">Lager: Fluid dynamic-lager<\/strong><br data-start=\"2987\" data-end=\"2990\" \/>Glidlager \u00f6kar fl\u00e4ktens h\u00e5llbarhet, minskar vibrationer och ger j\u00e4mnare och tystare drift.<\/p>\n<\/li>\n<li data-section-id=\"1syr0lq\" data-start=\"3101\" data-end=\"3214\">\n<p data-start=\"3103\" data-end=\"3214\"><strong data-start=\"3103\" data-end=\"3120\">Nuvarande: 0,2 A<\/strong><br data-start=\"3120\" data-end=\"3123\" \/>Effektiv str\u00f6mf\u00f6rbrukning garanterar stabil fl\u00e4ktprestanda utan on\u00f6dig str\u00f6mf\u00f6rbrukning.<\/p>\n<\/li>\n<li data-section-id=\"zk32th\" data-start=\"3216\" data-end=\"3339\">\n<p data-start=\"3218\" data-end=\"3339\"><strong data-start=\"3218\" data-end=\"3234\">Sp\u00e4nning: 12V<\/strong><br data-start=\"3234\" data-end=\"3237\" \/>Standard driftsp\u00e4nning garanterar kompatibilitet med de flesta PC-moderkort och fl\u00e4ktstyrningssystem.<\/p>\n<\/li>\n<\/ul>\n<hr data-start=\"3341\" data-end=\"3344\" \/>\n<p data-start=\"3346\" data-end=\"3374\"><strong data-start=\"3348\" data-end=\"3374\">Kundv\u00e4rdes\u00f6versikt<\/strong><\/p>\n<p data-start=\"3376\" data-end=\"3676\" data-is-last-node=\"\" data-is-only-node=\"\">Valkyrien Vind SL125 levererar <strong data-start=\"3409\" data-end=\"3506\">p\u00e5litlig CPU-kylning, tyst drift, anpassningsbar ARGB-belysning och bred CPU-kompatibilitet<\/strong>, vilket g\u00f6r det till ett utm\u00e4rkt val f\u00f6r <strong data-start=\"3542\" data-end=\"3616\">speldatorer, kreativa arbetsstationer och h\u00f6gpresterande station\u00e4ra system<\/strong> som kr\u00e4ver stabil v\u00e4rmeprestanda och snygg design.<\/p>","protected":false},"excerpt":{"rendered":"<p>H\u00e5ll din CPU sval med <strong data-start=\"28\" data-end=\"62\">Valkyrie Vind SL125 luftkylare<\/strong>. Med <strong data-start=\"74\" data-end=\"171\">6 kopparv\u00e4rmer\u00f6r, en 50-fensfl\u00e4ns och Valkyrie X12 ARGB-fl\u00e4ktar med hydrodynamiska lager<\/strong>, levererar den effektiv v\u00e4rmeavledning med tyst drift. Kompatibel med <strong data-start=\"250\" data-end=\"294\">AMD AM5\/AM4 och Intel LGA 1851\/1700\/1200<\/strong>, den kombinerar p\u00e5litlig kylning, enkel installation och levande RGB-belysning.<\/p>","protected":false},"featured_media":1936,"comment_status":"closed","ping_status":"closed","template":"","meta":{"_acf_changed":false},"product_brand":[],"product_cat":[181,21],"product_tag":[],"class_list":{"0":"post-1524","1":"product","2":"type-product","3":"status-publish","4":"has-post-thumbnail","6":"product_cat-air-cpu-cooler","7":"product_cat-components","8":"pa_application-for-intel-lga-1851-1700-1200-115x-2011-2011-3-2066-amd-am5-am4","9":"pa_fan-dimensions-120x120x25mm","10":"pa_fan-noise-29dba","11":"pa_fan-speed-800-2150rpm-10","12":"pa_heatpipe-o6-mmx6-pcs","13":"pa_led-type-addressable-rgb-led","15":"first","16":"outofstock","17":"purchasable","18":"product-type-simple"},"acf":[],"_links":{"self":[{"href":"https:\/\/hrafninn.se\/sv\/wp-json\/wp\/v2\/product\/1524","targetHints":{"allow":["GET"]}}],"collection":[{"href":"https:\/\/hrafninn.se\/sv\/wp-json\/wp\/v2\/product"}],"about":[{"href":"https:\/\/hrafninn.se\/sv\/wp-json\/wp\/v2\/types\/product"}],"replies":[{"embeddable":true,"href":"https:\/\/hrafninn.se\/sv\/wp-json\/wp\/v2\/comments?post=1524"}],"wp:featuredmedia":[{"embeddable":true,"href":"https:\/\/hrafninn.se\/sv\/wp-json\/wp\/v2\/media\/1936"}],"wp:attachment":[{"href":"https:\/\/hrafninn.se\/sv\/wp-json\/wp\/v2\/media?parent=1524"}],"wp:term":[{"taxonomy":"product_brand","embeddable":true,"href":"https:\/\/hrafninn.se\/sv\/wp-json\/wp\/v2\/product_brand?post=1524"},{"taxonomy":"product_cat","embeddable":true,"href":"https:\/\/hrafninn.se\/sv\/wp-json\/wp\/v2\/product_cat?post=1524"},{"taxonomy":"product_tag","embeddable":true,"href":"https:\/\/hrafninn.se\/sv\/wp-json\/wp\/v2\/product_tag?post=1524"}],"curies":[{"name":"wp","href":"https:\/\/api.w.org\/{rel}","templated":true}]}}