{"id":177,"date":"2026-01-18T14:05:16","date_gmt":"2026-01-18T13:05:16","guid":{"rendered":"https:\/\/hrafninn.se\/?page_id=177"},"modified":"2026-01-26T13:27:11","modified_gmt":"2026-01-26T12:27:11","slug":"delivery-payment","status":"publish","type":"page","link":"https:\/\/hrafninn.se\/sv\/delivery-payment\/","title":{"rendered":"Leverans &amp; Betalning"},"content":{"rendered":"<div data-elementor-type=\"wp-page\" data-elementor-id=\"177\" class=\"elementor elementor-177\" data-elementor-post-type=\"page\">\n\t\t\t\t<div class=\"elementor-element elementor-element-f85b93f e-con-full wd-section-stretch-content e-flex e-con e-parent\" data-id=\"f85b93f\" data-element_type=\"container\" data-e-type=\"container\">\n\t\t\t\t<div class=\"elementor-element elementor-element-6e847ca elementor-widget elementor-widget-woocommerce-breadcrumb\" data-id=\"6e847ca\" data-element_type=\"widget\" data-e-type=\"widget\" data-widget_type=\"woocommerce-breadcrumb.default\">\n\t\t\t\t\t<nav class=\"wd-breadcrumbs woocommerce-breadcrumb\" aria-label=\"Smula\">\t\t\t\t<span class=\"wd-last\">\n\t\t\t\t\tHem\t\t\t\t<\/span>\n\t\t\t<\/nav>\t\t\t\t<\/div>\n\t\t\t\t<div class=\"elementor-element elementor-element-feb8e2d elementor-widget elementor-widget-heading\" data-id=\"feb8e2d\" data-element_type=\"widget\" data-e-type=\"widget\" data-widget_type=\"heading.default\">\n\t\t\t\t\t<h2 class=\"elementor-heading-title elementor-size-default\">Delivery and Payment<\/h2>\t\t\t\t<\/div>\n\t\t<div class=\"elementor-element elementor-element-4e08abb e-con-full e-flex e-con e-child\" data-id=\"4e08abb\" data-element_type=\"container\" data-e-type=\"container\">\n\t\t<div class=\"elementor-element elementor-element-f18fb68 e-con-full e-flex e-con e-child\" data-id=\"f18fb68\" data-element_type=\"container\" data-e-type=\"container\">\n\t\t\t\t<div class=\"elementor-element elementor-element-574f890 elementor-widget__width-initial color-scheme-inherit text-left elementor-widget elementor-widget-text-editor\" data-id=\"574f890\" data-element_type=\"widget\" data-e-type=\"widget\" data-widget_type=\"text-editor.default\">\n\t\t\t\t\t\t\t\t\t<p><strong>Leverans<\/strong><\/p><p>Vi h\u00e5ller v\u00e5r leveransprocess enkel och p\u00e5litlig, s\u00e5 att din nya PC kommer fram s\u00e4kert och utan \u00f6verraskningar.<\/p><p><strong>H\u00e4mta<\/strong><\/p><p>Om du f\u00f6redrar att h\u00e4mta din best\u00e4llning sj\u00e4lv \u00e4r du v\u00e4lkommen att h\u00e4mta den direkt hos oss. Detta \u00e4r ofta det snabbaste alternativet om du befinner dig i n\u00e4rheten.<\/p><p><strong>Postf\u00f6rs\u00e4ndelse<\/strong><\/p><p>F\u00f6r hemleverans samarbetar vi med etablerade nordiska transport\u00f6rer som PostNord och Schenker. Din PC packas s\u00e4kert med skyddande material och grundf\u00f6rs\u00e4kring f\u00f6r att s\u00e4kerst\u00e4lla att den anl\u00e4nder i samma skick som den l\u00e4mnade v\u00e5r verkstad.<\/p><p>Vi anv\u00e4nder inte lokala kurirer med leverans samma dag \u2013 alla best\u00e4llningar skickas via posttj\u00e4nster f\u00f6r att h\u00e5lla allt f\u00f6ruts\u00e4gbart och sp\u00e5rbart.<\/p>\t\t\t\t\t\t\t\t<\/div>\n\t\t\t\t<\/div>\n\t\t<div class=\"elementor-element elementor-element-86ab89b e-con-full e-flex e-con e-child\" data-id=\"86ab89b\" data-element_type=\"container\" data-e-type=\"container\">\n\t\t\t\t<div class=\"elementor-element elementor-element-cc66e15 color-scheme-inherit text-left elementor-widget elementor-widget-text-editor\" data-id=\"cc66e15\" data-element_type=\"widget\" data-e-type=\"widget\" data-widget_type=\"text-editor.default\">\n\t\t\t\t\t\t\t\t\t<p><strong>Betalning<\/strong><\/p><p>Vi st\u00f6der flera bekv\u00e4ma och s\u00e4kra betalningsalternativ, s\u00e5 att du kan v\u00e4lja det som passar dig b\u00e4st.<\/p><p><strong>Kortbetalningar (via Stripe)<\/strong> \u2013 Betala med Visa, Mastercard, Apple Pay eller Google Pay. Alla transaktioner \u00e4r krypterade och helt s\u00e4kra.<\/p><p><strong>Swish<\/strong> - Ett snabbt och enkelt alternativ f\u00f6r kunder i Sverige.<\/p><p><strong>PayPal<\/strong> \u2013 Idealiskt om du f\u00f6redrar att ha dina betalningsuppgifter inom ditt PayPal-konto.<\/p><p><strong>Delbetalningar eller f\u00f6rskottsbetalningar<\/strong> - Om du vill betala i delar eller g\u00f6ra en f\u00f6rskottsbetalning erbjuder vi flexibla l\u00f6sningar beroende p\u00e5 din order.<\/p><p>Kryptobetalningar kommer snart.<\/p>\t\t\t\t\t\t\t\t<\/div>\n\t\t\t\t<\/div>\n\t\t\t\t<\/div>\n\t\t\t\t<\/div>\n\t\t\t\t<\/div>","protected":false},"excerpt":{"rendered":"<p>Delivery and Payment Delivery We keep our delivery process simple and reliable, so your new PC arrives safely and without<\/p>","protected":false},"author":1,"featured_media":0,"parent":0,"menu_order":0,"comment_status":"closed","ping_status":"closed","template":"","meta":{"_acf_changed":false,"footnotes":""},"class_list":["post-177","page","type-page","status-publish","hentry"],"acf":[],"_hostinger_reach_plugin_has_subscription_block":false,"_hostinger_reach_plugin_is_elementor":false,"_links":{"self":[{"href":"https:\/\/hrafninn.se\/sv\/wp-json\/wp\/v2\/pages\/177","targetHints":{"allow":["GET"]}}],"collection":[{"href":"https:\/\/hrafninn.se\/sv\/wp-json\/wp\/v2\/pages"}],"about":[{"href":"https:\/\/hrafninn.se\/sv\/wp-json\/wp\/v2\/types\/page"}],"author":[{"embeddable":true,"href":"https:\/\/hrafninn.se\/sv\/wp-json\/wp\/v2\/users\/1"}],"replies":[{"embeddable":true,"href":"https:\/\/hrafninn.se\/sv\/wp-json\/wp\/v2\/comments?post=177"}],"version-history":[{"count":30,"href":"https:\/\/hrafninn.se\/sv\/wp-json\/wp\/v2\/pages\/177\/revisions"}],"predecessor-version":[{"id":1397,"href":"https:\/\/hrafninn.se\/sv\/wp-json\/wp\/v2\/pages\/177\/revisions\/1397"}],"wp:attachment":[{"href":"https:\/\/hrafninn.se\/sv\/wp-json\/wp\/v2\/media?parent=177"}],"curies":[{"name":"wp","href":"https:\/\/api.w.org\/{rel}","templated":true}]}}