{"id":108,"date":"2026-01-17T16:45:19","date_gmt":"2026-01-17T15:45:19","guid":{"rendered":"https:\/\/hrafninn.se\/?page_id=108"},"modified":"2026-03-06T12:04:08","modified_gmt":"2026-03-06T11:04:08","slug":"warranty","status":"publish","type":"page","link":"https:\/\/hrafninn.se\/sv\/warranty\/","title":{"rendered":"Garanti"},"content":{"rendered":"<div data-elementor-type=\"wp-page\" data-elementor-id=\"108\" class=\"elementor elementor-108\" data-elementor-post-type=\"page\">\n\t\t\t\t<div class=\"elementor-element elementor-element-2b7582d e-con-full wd-section-stretch-content e-flex e-con e-parent\" data-id=\"2b7582d\" data-element_type=\"container\" data-e-type=\"container\">\n\t\t\t\t<div class=\"elementor-element elementor-element-105b0b3 elementor-widget elementor-widget-woocommerce-breadcrumb\" data-id=\"105b0b3\" data-element_type=\"widget\" data-e-type=\"widget\" data-widget_type=\"woocommerce-breadcrumb.default\">\n\t\t\t\t\t<nav class=\"wd-breadcrumbs woocommerce-breadcrumb\" aria-label=\"Smula\">\t\t\t\t<span class=\"wd-last\">\n\t\t\t\t\tHem\t\t\t\t<\/span>\n\t\t\t<\/nav>\t\t\t\t<\/div>\n\t\t\t\t<div class=\"elementor-element elementor-element-bfe9d90 elementor-widget elementor-widget-heading\" data-id=\"bfe9d90\" data-element_type=\"widget\" data-e-type=\"widget\" data-widget_type=\"heading.default\">\n\t\t\t\t\t<h2 class=\"elementor-heading-title elementor-size-default\">Garanti<\/h2>\t\t\t\t<\/div>\n\t\t<div class=\"elementor-element elementor-element-8468245 e-con-full e-flex e-con e-child\" data-id=\"8468245\" data-element_type=\"container\" data-e-type=\"container\">\n\t\t<div class=\"elementor-element elementor-element-aeaa272 e-con-full e-flex e-con e-child\" data-id=\"aeaa272\" data-element_type=\"container\" data-e-type=\"container\">\n\t\t\t\t<div class=\"elementor-element elementor-element-a8c1790 elementor-widget__width-initial color-scheme-inherit text-left elementor-widget elementor-widget-text-editor\" data-id=\"a8c1790\" data-element_type=\"widget\" data-e-type=\"widget\" data-widget_type=\"text-editor.default\">\n\t\t\t\t\t\t\t\t\t<p>Varje Hrafninn-dator levereras med en garanti som du kan lita p\u00e5. Vi vill att du ska k\u00e4nna dig trygg med att anv\u00e4nda din dator varje dag, oavsett om det \u00e4r en nybyggd eller en renoverad dator.<\/p><p><strong>Nya datorer<\/strong><\/p><p>Alla nya system har en garanti p\u00e5 1-3 \u00e5r, beroende p\u00e5 komponenter och konfiguration.<br \/>Om n\u00e5got som omfattas av garantin slutar fungera under denna period reparerar eller byter vi ut det.<\/p><p><strong>Renoverade datorer<\/strong><\/p><p>Refurbished models come with a 6-month warranty and the same level of care and support.<br \/>Each refurbished PC is fully cleaned, tested, and checked before it leaves our workshop.<\/p><p><strong>Livstids teknisk support<\/strong><\/p><p>Oavsett hur l\u00e4nge du har haft din dator kan du alltid v\u00e4nda dig till oss med fr\u00e5gor eller problem.<br \/>Vi finns h\u00e4r f\u00f6r att hj\u00e4lpa dig med diagnostik, fels\u00f6kning och allm\u00e4n v\u00e4gledning s\u00e5 l\u00e4nge du \u00e4ger systemet.<\/p>\t\t\t\t\t\t\t\t<\/div>\n\t\t\t\t<\/div>\n\t\t<div class=\"elementor-element elementor-element-645fd6c e-con-full e-flex e-con e-child\" data-id=\"645fd6c\" data-element_type=\"container\" data-e-type=\"container\">\n\t\t\t\t<div class=\"elementor-element elementor-element-cb39720 color-scheme-inherit text-left elementor-widget elementor-widget-text-editor\" data-id=\"cb39720\" data-element_type=\"widget\" data-e-type=\"widget\" data-widget_type=\"text-editor.default\">\n\t\t\t\t\t\t\t\t\t<p><strong>Vad garantin t\u00e4cker<\/strong><\/p><p>\u2013 H\u00e5rdvarufel<\/p><p>- Defekter i komponenterna<\/p><p>\u2013 Problem som inte orsakas av felaktig anv\u00e4ndning<\/p><p><strong>Vad som inte t\u00e4cks<\/strong><\/p><p>\u2013 Skador orsakade av anv\u00e4ndaren (till exempel, fysiska skador eller v\u00e4tskespill)<\/p><p>- Modifieringar som p\u00e5verkar systemets stabilitet<\/p><p>\u2013 Problem fr\u00e5n tredjepartsreparationer<\/p><p><strong>Hur man beg\u00e4r garantiservice<\/strong><\/p><p>Just contact us with your order number and a short description of the issue. We\u2019ll guide you step-by-step and help you get your system running again as quickly as possible.<\/p>\t\t\t\t\t\t\t\t<\/div>\n\t\t\t\t<\/div>\n\t\t\t\t<\/div>\n\t\t\t\t<\/div>\n\t\t\t\t<\/div>","protected":false},"excerpt":{"rendered":"<p>Warranty Every Hrafninn PC comes with a warranty you can rely on. We want you to feel confident using your<\/p>","protected":false},"author":1,"featured_media":0,"parent":0,"menu_order":0,"comment_status":"closed","ping_status":"closed","template":"","meta":{"_acf_changed":false,"footnotes":""},"class_list":["post-108","page","type-page","status-publish","hentry"],"acf":[],"_hostinger_reach_plugin_has_subscription_block":false,"_hostinger_reach_plugin_is_elementor":false,"_links":{"self":[{"href":"https:\/\/hrafninn.se\/sv\/wp-json\/wp\/v2\/pages\/108","targetHints":{"allow":["GET"]}}],"collection":[{"href":"https:\/\/hrafninn.se\/sv\/wp-json\/wp\/v2\/pages"}],"about":[{"href":"https:\/\/hrafninn.se\/sv\/wp-json\/wp\/v2\/types\/page"}],"author":[{"embeddable":true,"href":"https:\/\/hrafninn.se\/sv\/wp-json\/wp\/v2\/users\/1"}],"replies":[{"embeddable":true,"href":"https:\/\/hrafninn.se\/sv\/wp-json\/wp\/v2\/comments?post=108"}],"version-history":[{"count":9,"href":"https:\/\/hrafninn.se\/sv\/wp-json\/wp\/v2\/pages\/108\/revisions"}],"predecessor-version":[{"id":1688,"href":"https:\/\/hrafninn.se\/sv\/wp-json\/wp\/v2\/pages\/108\/revisions\/1688"}],"wp:attachment":[{"href":"https:\/\/hrafninn.se\/sv\/wp-json\/wp\/v2\/media?parent=108"}],"curies":[{"name":"wp","href":"https:\/\/api.w.org\/{rel}","templated":true}]}}