{"id":2039,"date":"2026-04-20T10:02:51","date_gmt":"2026-04-20T08:02:51","guid":{"rendered":"https:\/\/hrafninn.se\/?page_id=2039"},"modified":"2026-04-20T10:07:26","modified_gmt":"2026-04-20T08:07:26","slug":"cookiepolicy","status":"publish","type":"page","link":"https:\/\/hrafninn.se\/nb\/cookiepolicy\/","title":{"rendered":"Cookiepolicy"},"content":{"rendered":"\t\t<div data-elementor-type=\"wp-page\" data-elementor-id=\"2039\" class=\"elementor elementor-2039\" data-elementor-post-type=\"page\">\n\t\t\t\t<div class=\"elementor-element elementor-element-611ac69 e-con-full wd-section-stretch-content e-flex e-con e-parent\" data-id=\"611ac69\" data-element_type=\"container\">\n\t\t\t\t<div class=\"elementor-element elementor-element-ac612bb elementor-widget__width-inherit elementor-widget elementor-widget-woocommerce-breadcrumb\" data-id=\"ac612bb\" data-element_type=\"widget\" data-widget_type=\"woocommerce-breadcrumb.default\">\n\t\t\t\t\t<nav class=\"wd-breadcrumbs woocommerce-breadcrumb\" aria-label=\"Breadcrumb\">\t\t\t\t<span class=\"wd-last\">\n\t\t\t\t\tHjem\t\t\t\t<\/span>\n\t\t\t<\/nav>\t\t\t\t<\/div>\n\t\t<div class=\"elementor-element elementor-element-d666f33 e-con-full e-flex e-con e-child\" data-id=\"d666f33\" data-element_type=\"container\">\n\t\t\t\t<div class=\"elementor-element elementor-element-efa09b9 elementor-widget elementor-widget-heading\" data-id=\"efa09b9\" data-element_type=\"widget\" data-widget_type=\"heading.default\">\n\t\t\t\t\t<h2 class=\"elementor-heading-title elementor-size-default\">Cookiepolicy<\/h2>\t\t\t\t<\/div>\n\t\t\t\t<div class=\"elementor-element elementor-element-351357c color-scheme-inherit text-left elementor-widget elementor-widget-text-editor\" data-id=\"351357c\" data-element_type=\"widget\" data-widget_type=\"text-editor.default\">\n\t\t\t\t\t\t\t\t\t<p><span style=\"font-weight: 400;\">Cookiepolicy f\u00f6r Hrafninn<\/span><\/p><p><span style=\"font-weight: 400;\">Denna cookiepolicy f\u00f6rklarar vad cookies \u00e4r, hur vi anv\u00e4nder dem p\u00e5 hrafninn.se och hur du som anv\u00e4ndare kan hantera dina inst\u00e4llningar.<\/span><\/p><ol><li><span style=\"font-weight: 400;\"> Vad \u00e4r cookies?<\/span><\/li><\/ol><p><span style=\"font-weight: 400;\">En cookie \u00e4r en liten textfil som sparas p\u00e5 din enhet (dator, mobil eller surfplatta) n\u00e4r du bes\u00f6ker v\u00e5r webbplats. Cookies g\u00f6r det m\u00f6jligt f\u00f6r oss att k\u00e4nna igen din webbl\u00e4sare och h\u00e4mta information som hj\u00e4lper oss att f\u00f6rb\u00e4ttra din upplevelse.<\/span><\/p><ol start=\"2\"><li><span style=\"font-weight: 400;\"> Vilka typer av cookies anv\u00e4nder vi?<\/span><\/li><\/ol><p><span style=\"font-weight: 400;\">N\u00f6dv\u00e4ndiga cookies: Dessa \u00e4r absolut n\u00f6dv\u00e4ndiga f\u00f6r att webbplatsens grundl\u00e4ggande funktioner ska fungera, s\u00e5som att h\u00e5lla reda p\u00e5 dina varor i varukorgen och hantera betalningen i kassan.<\/span><\/p><p><span style=\"font-weight: 400;\">Funktionella cookies: Dessa hj\u00e4lper oss att komma ih\u00e5g dina inst\u00e4llningar (t.ex. spr\u00e5kval) f\u00f6r att g\u00f6ra ditt n\u00e4sta bes\u00f6k smidigare.<\/span><\/p><p><span style=\"font-weight: 400;\">Analyscookies: Vi anv\u00e4nder dessa f\u00f6r att f\u00f6rst\u00e5 hur v\u00e5ra bes\u00f6kare navigerar p\u00e5 sidan, vilka produkter som \u00e4r popul\u00e4ra och hur vi kan f\u00f6rb\u00e4ttra hemsidan.<\/span><\/p><p><span style=\"font-weight: 400;\">Marknadsf\u00f6ringscookies: [Anv\u00e4nds om ni k\u00f6r annonser] Dessa anv\u00e4nds f\u00f6r att visa relevanta annonser f\u00f6r dig p\u00e5 andra webbplatser och sociala medier samt f\u00f6r att m\u00e4ta effekten av v\u00e5r annonsering.<\/span><\/p><ol start=\"3\"><li><span style=\"font-weight: 400;\"> Hur du hanterar cookies<\/span><\/li><\/ol><p><span style=\"font-weight: 400;\">Du kan sj\u00e4lv v\u00e4lja om du vill acceptera eller blockera cookies. De flesta webbl\u00e4sare till\u00e5ter dig att hantera dina inst\u00e4llningar via webbl\u00e4sarens meny. Observera att om du v\u00e4ljer att blockera n\u00f6dv\u00e4ndiga cookies kan det inneb\u00e4ra att delar av hemsidan, s\u00e5som kassan, inte fungerar som de ska.<\/span><\/p><p><span style=\"font-weight: 400;\">Dokument 2: Till\u00e4gg till befintlig Integritetspolicy (Privacy Policy)<\/span><\/p><p><span style=\"font-weight: 400;\">(Klistra in dessa tv\u00e5 sektioner i din nuvarande &#8220;Privacy Policy&#8221;-sida)<\/span><\/p><p><span style=\"font-weight: 400;\">Dataskydd och s\u00e4kerhet<\/span><\/p><p><span style=\"font-weight: 400;\">Vi p\u00e5 Hrafninn v\u00e4rnar om din s\u00e4kerhet. Vi har vidtagit tekniska och organisatoriska \u00e5tg\u00e4rder f\u00f6r att skydda dina uppgifter mot f\u00f6rlust, missbruk och obeh\u00f6rig \u00e5tkomst.<\/span><\/p><p><span style=\"font-weight: 400;\">Kryptering: Hela v\u00e5r webbplats \u00e4r skyddad med SSL-kryptering (Secure Socket Layer), vilket s\u00e4kerst\u00e4ller att all information som skickas mellan dig och oss \u00e4r skyddad.<\/span><\/p><p><span style=\"font-weight: 400;\">Betals\u00e4kerhet: Vi hanterar aldrig dina kortuppgifter direkt. Alla betalningar sker genom s\u00e4kra, certifierade betalv\u00e4xlar s\u00e5som [t.ex. Stripe \/ Klarna \/ Shopify Payments].<\/span><\/p><p><span style=\"font-weight: 400;\">Begr\u00e4nsad \u00e5tkomst: Endast den personal som beh\u00f6ver tillg\u00e5ng till dina uppgifter f\u00f6r att hantera din order eller ge support har beh\u00f6righet att se dem.<\/span><\/p><p><span style=\"font-weight: 400;\">Datalagring (Hur l\u00e4nge vi sparar din data)<\/span><\/p><p><span style=\"font-weight: 400;\">Vi sparar aldrig dina personuppgifter l\u00e4ngre \u00e4n vad som \u00e4r n\u00f6dv\u00e4ndigt f\u00f6r respektive \u00e4ndam\u00e5l:<\/span><\/p><p><span style=\"font-weight: 400;\">Bokf\u00f6ring: Uppgifter om ditt k\u00f6p (kvitton och fakturor) sparas i 7 \u00e5r i enlighet med den svenska bokf\u00f6ringslagen.<\/span><\/p><p><span style=\"font-weight: 400;\">Garanti och Support: Information om ditt k\u00f6p sparas under hela din garantiperiod [t.ex. 2 eller 3 \u00e5r] f\u00f6r att vi ska kunna hj\u00e4lpa dig med support och eventuella garanti\u00e4renden.<\/span><\/p><p><span style=\"font-weight: 400;\">Marknadsf\u00f6ring: Om du prenumererar p\u00e5 v\u00e5rt nyhetsbrev sparar vi din e-postadress tills du sj\u00e4lv v\u00e4ljer att avregistrera dig. Vid avregistrering raderas dina uppgifter omedelbart fr\u00e5n v\u00e5ra utskickslistor.<\/span><\/p>\t\t\t\t\t\t\t\t<\/div>\n\t\t\t\t<\/div>\n\t\t\t\t<\/div>\n\t\t\t\t<\/div>\n\t\t","protected":false},"excerpt":{"rendered":"<p>Cookiepolicy Cookiepolicy f\u00f6r Hrafninn Denna cookiepolicy f\u00f6rklarar vad cookies \u00e4r, hur vi anv\u00e4nder dem p\u00e5 hrafninn.se och hur du som<\/p>","protected":false},"author":1,"featured_media":0,"parent":0,"menu_order":0,"comment_status":"closed","ping_status":"closed","template":"","meta":{"_acf_changed":false,"footnotes":""},"class_list":["post-2039","page","type-page","status-publish","hentry"],"acf":[],"_hostinger_reach_plugin_has_subscription_block":false,"_hostinger_reach_plugin_is_elementor":false,"_links":{"self":[{"href":"https:\/\/hrafninn.se\/nb\/wp-json\/wp\/v2\/pages\/2039","targetHints":{"allow":["GET"]}}],"collection":[{"href":"https:\/\/hrafninn.se\/nb\/wp-json\/wp\/v2\/pages"}],"about":[{"href":"https:\/\/hrafninn.se\/nb\/wp-json\/wp\/v2\/types\/page"}],"author":[{"embeddable":true,"href":"https:\/\/hrafninn.se\/nb\/wp-json\/wp\/v2\/users\/1"}],"replies":[{"embeddable":true,"href":"https:\/\/hrafninn.se\/nb\/wp-json\/wp\/v2\/comments?post=2039"}],"version-history":[{"count":4,"href":"https:\/\/hrafninn.se\/nb\/wp-json\/wp\/v2\/pages\/2039\/revisions"}],"predecessor-version":[{"id":2043,"href":"https:\/\/hrafninn.se\/nb\/wp-json\/wp\/v2\/pages\/2039\/revisions\/2043"}],"wp:attachment":[{"href":"https:\/\/hrafninn.se\/nb\/wp-json\/wp\/v2\/media?parent=2039"}],"curies":[{"name":"wp","href":"https:\/\/api.w.org\/{rel}","templated":true}]}}